{"id":2670,"date":"2019-06-25T10:28:38","date_gmt":"2019-06-25T09:28:38","guid":{"rendered":"http:\/\/fitnessplanet-wernau.de\/?page_id=2670"},"modified":"2019-07-20T17:18:01","modified_gmt":"2019-07-20T16:18:01","slug":"five-2","status":"publish","type":"page","link":"https:\/\/fitnessplanet-wernau.de\/?page_id=2670","title":{"rendered":"five"},"content":{"rendered":"<p>[vc_section css=&#8221;.vc_custom_1563631102797{margin-right: 4% !important;margin-left: 4% !important;}&#8221;][vc_row][vc_column]<div class=\"rt-owl-title-1  style2\">\n\t<div class=\"section-title\">\n\t\t<h2 class=\"owl-title\" style=\"color:#111111;\">Was ist FIVE.<\/h2>\n\t\t<div class=\"owl-description\" style=\"color:#111111;\">Mit five werden unsere allt\u00e4glichen Beugepositionen durch R\u00fcckw\u00e4rtsbewegungen aufgebrochen. Bereits vier bis f\u00fcnf R\u00fcckw\u00e4rtsbewegungen pro Tag k\u00f6nnen das k\u00f6rperliche Empfinden ver\u00e4ndern.<\/div>\n\t<\/div>\n<\/div>[\/vc_column][\/vc_row][vc_row][vc_column][vc_column_text css_animation=&#8221;fadeIn&#8221;]&nbsp;<\/p>\n<ul>\n<li>Optimiert das muskul\u00e4re System und macht st\u00e4rker<\/li>\n<li>Das Muskel-Meridian-System wird angesprochen und der Energiefluss in den Meridianen kann aktiviert werden<\/li>\n<li>Erg\u00e4nzt die athletischen Eigenschaften<\/li>\n<li>Schon nach zwei bis drei Trainingseinheiten kann ein Unterschied sp\u00fcrbar werden<\/li>\n<li>Bildet die dritte S\u00e4ule zu Ausdauer und Kraft<\/li>\n<li>Kann pr\u00e4ventiv eingesetzt werden<\/li>\n<li>Spricht neben den Muskeln auch die Faszien des Menschen an<\/li>\n<li>Kr\u00e4ftigt die Muskeln<\/li>\n<\/ul>\n<p>[\/vc_column_text]<div class=\"rt-owl-title-1 vc_custom_1563639474640 style2\">\n\t<div class=\"section-title\">\n\t\t<h2 class=\"owl-title\" style=\"color:#111111;\">Wir machen den five-move.<\/h2>\n\t\t<div class=\"owl-description\" style=\"color:#111111;\">Wir verf\u00fcgen heutzutage \u00fcber einen K\u00f6rperbau, der einst f\u00fcr J\u00e4ger und Sammler angedacht war. Nun allerdings haben wir am Arbeitsplatz und im Alltag zumeist sitzende T\u00e4tigkeiten, die mit nur wenig Bewegung einhergehen.<br \/>\n&nbsp;<\/div>\n\t<\/div>\n<\/div>[\/vc_column][\/vc_row][vc_row][vc_column][vc_row_inner][vc_column_inner width=&#8221;1\/2&#8243; css=&#8221;.vc_custom_1561453236523{padding-right: 20px !important;}&#8221;][vc_column_text]Hieraus k\u00f6nnen sich unter anderem Funktionsst\u00f6rungen des Bewegungs- apparates ergeben, weshalb der Durchschnittsb\u00fcrger zu R\u00fcckenschmerzen neigt, die h\u00e4ufig bis zu Bandscheibenvorf\u00e4llen reichen k\u00f6nnen. An diesem Punkt m\u00f6chte five ansetzen. Das R\u00fccken- und Gelenkkonzept versucht den Bewegungsapparat wieder aufzurichten, sodass dessen nat\u00fcrliche Funktionalit\u00e4t erneut gest\u00e4rkt werden kann.<\/p>\n<p>Ein Gegenpol zum Arbeitsalltag \u2013 das ist five. Das Konzept setzt hierbei auf R\u00fcckw\u00e4rtsbewegungen, die zur Aufrichtung des K\u00f6rpers f\u00fchren und wobei s\u00e4mtliche Bewegungsabl\u00e4ufe trainiert werden, die der menschliche K\u00f6rper erm\u00f6glicht.[\/vc_column_text][\/vc_column_inner][vc_column_inner width=&#8221;1\/2&#8243;][vc_column_text]Zudem unterst\u00fctzt five den Trainierenden dabei, dem Zur\u00fcckfallen in Fehl- haltungen entgegen zu wirken, wodurch auch in gef\u00e4hrdeten Arbeits- umgebungen Haltung bewahrt werden kann.<\/p>\n<p>Die five-Methode ist Menschen jeden Alters zug\u00e4nglich und kann unabh\u00e4ngig von sportlichen Vorkenntnissen bei jeder Person eingesetzt werden.<\/p>\n<p>Testen Sie es selbst, und vereinbaren Sie noch heute einen Trainertermin mit einem unserer five-Spezialisten.[\/vc_column_text][\/vc_column_inner][vc_column_inner]<div class=\"rt-owl-title-1 vc_custom_1561453273795 style2\">\n\t<div class=\"section-title\">\n\t\t<h2 class=\"owl-title\" style=\"color:#111111;\">FIVE\u00ae \u2013 DAS R\u00dcCKEN- UND GELENKKONZEPT<\/h2>\n\t\t<div class=\"owl-description\" style=\"color:#111111;\"><\/div>\n\t<\/div>\n<\/div>[\/vc_column_inner][\/vc_row_inner][\/vc_column][\/vc_row][vc_row][vc_column][vc_row_inner][vc_column_inner width=&#8221;1\/2&#8243;][vc_column_text]<\/p>\n<p style=\"box-sizing: inherit; margin: 0px 0px 20px; font-family: 'Open Sans', sans-serif; font-size: 15px; line-height: 26px; color: #666666;\">Das FIVE-Konzept beruht auf der Biokinematik von Doktor Walter Packi und stellt die g\u00e4ngige Trainingslehre komplett auf den Kopf. Die Ursache von Beschwerden liegt sehr h\u00e4ufig nicht an der betroffenen Stelle, sondern an den umliegenden Strukturen, die eine Art Zug auf den gesamten K\u00f6rper verursachen.<\/p>\n<p style=\"box-sizing: inherit; margin: 0px 0px 20px; font-family: 'Open Sans', sans-serif; font-size: 15px; line-height: 26px; color: #666666;\">Mit FIVE werden die Muskel- und Faszienketten gedehnt, die Spannung reduziert und die\u00a0Mobilit\u00e4t wird wieder hergestellt.\u00a0Verschiedenste Beschwerden k\u00f6nnen effektiv gelindert werden und gleichzeitig wird Ihre\u00a0Beweglichkeit verbessert.\u00a0Bereits nach 2-3 Trainingseinheiten k\u00f6nnen sp\u00fcrbare Erfolge erzielt werden<\/p>\n<p>[\/vc_column_text][\/vc_column_inner][vc_column_inner width=&#8221;1\/2&#8243; css=&#8221;.vc_custom_1561454271866{padding-bottom: 20% !important;}&#8221;][vc_video link=&#8221;https:\/\/www.youtube.com\/watch?v=eAd95YX2U0s&#8221;][\/vc_column_inner][\/vc_row_inner][vc_separator style=&#8221;dashed&#8221; border_width=&#8221;2&#8243;][\/vc_column][\/vc_row][vc_row][vc_column]<div class=\"rt-owl-title-1  style2\">\n\t<div class=\"section-title\">\n\t\t<h2 class=\"owl-title\" style=\"color:#111111;\">Vereinbaren Sie noch heute Ihren Termin.<\/h2>\n\t\t<div class=\"owl-description\" style=\"color:#111111;\"><\/div>\n\t<\/div>\n<\/div>[\/vc_column][\/vc_row][vc_row][vc_column]\n<div class=\"wpcf7 no-js\" id=\"wpcf7-f1823-o1\" lang=\"de-DE\" dir=\"ltr\" data-wpcf7-id=\"1823\">\n<div class=\"screen-reader-response\"><p role=\"status\" aria-live=\"polite\" aria-atomic=\"true\"><\/p> <ul><\/ul><\/div>\n<form action=\"\/index.php?rest_route=%2Fwp%2Fv2%2Fpages%2F2670#wpcf7-f1823-o1\" method=\"post\" class=\"wpcf7-form init\" aria-label=\"Kontaktformular\" novalidate=\"novalidate\" data-status=\"init\">\n<fieldset class=\"hidden-fields-container\"><input type=\"hidden\" name=\"_wpcf7\" value=\"1823\" \/><input type=\"hidden\" name=\"_wpcf7_version\" value=\"6.1.5\" \/><input type=\"hidden\" name=\"_wpcf7_locale\" value=\"de_DE\" \/><input type=\"hidden\" name=\"_wpcf7_unit_tag\" value=\"wpcf7-f1823-o1\" \/><input type=\"hidden\" name=\"_wpcf7_container_post\" value=\"0\" \/><input type=\"hidden\" name=\"_wpcf7_posted_data_hash\" value=\"\" \/>\n<\/fieldset>\n<p>Ihr Name (Pflichtfeld)\n<\/p>\n<p><span class=\"wpcf7-form-control-wrap\" data-name=\"your-name\"><input size=\"40\" maxlength=\"400\" class=\"wpcf7-form-control wpcf7-text wpcf7-validates-as-required\" aria-required=\"true\" aria-invalid=\"false\" value=\"\" type=\"text\" name=\"your-name\" \/><\/span>\n<\/p>\n<p>Ihre E-Mail-Adresse (Pflichtfeld)\n<\/p>\n<p><span class=\"wpcf7-form-control-wrap\" data-name=\"your-email\"><input size=\"40\" maxlength=\"400\" class=\"wpcf7-form-control wpcf7-email wpcf7-validates-as-required wpcf7-text wpcf7-validates-as-email\" aria-required=\"true\" aria-invalid=\"false\" value=\"\" type=\"email\" name=\"your-email\" \/><\/span>\n<\/p>\n<p>Betreff\n<\/p>\n<p><span class=\"wpcf7-form-control-wrap\" data-name=\"your-subject\"><input size=\"40\" maxlength=\"400\" class=\"wpcf7-form-control wpcf7-text\" aria-invalid=\"false\" value=\"\" type=\"text\" name=\"your-subject\" \/><\/span>\n<\/p>\n<p>Ihre Nachricht\n<\/p>\n<p><span class=\"wpcf7-form-control-wrap\" data-name=\"your-message\"><textarea cols=\"40\" rows=\"10\" maxlength=\"2000\" class=\"wpcf7-form-control wpcf7-textarea\" aria-invalid=\"false\" name=\"your-message\"><\/textarea><\/span>\n<\/p>\n<p><input class=\"wpcf7-form-control wpcf7-submit has-spinner\" type=\"submit\" value=\"Senden\" \/>\n<\/p><p style=\"display: none !important;\" class=\"akismet-fields-container\" data-prefix=\"_wpcf7_ak_\"><label>&#916;<textarea name=\"_wpcf7_ak_hp_textarea\" cols=\"45\" rows=\"8\" maxlength=\"100\"><\/textarea><\/label><input type=\"hidden\" id=\"ak_js_1\" name=\"_wpcf7_ak_js\" value=\"236\"\/><script>document.getElementById( \"ak_js_1\" ).setAttribute( \"value\", ( new Date() ).getTime() );<\/script><\/p><div class=\"wpcf7-response-output\" aria-hidden=\"true\"><\/div>\n<\/form>\n<\/div>\n[\/vc_column][\/vc_row][\/vc_section]<\/p>\n","protected":false},"excerpt":{"rendered":"<p>[vc_section css=&#8221;.vc_custom_1563631102797{margin-right: 4% !important;margin-left: 4% !important;}&#8221;][vc_row][vc_column][\/vc_column][\/vc_row][vc_row][vc_column][vc_column_text css_animation=&#8221;fadeIn&#8221;]&nbsp; Optimiert das muskul\u00e4re System und macht st\u00e4rker Das Muskel-Meridian-System wird angesprochen und der Energiefluss in den Meridianen kann aktiviert werden Erg\u00e4nzt die athletischen Eigenschaften Schon nach zwei bis drei Trainingseinheiten kann ein Unterschied sp\u00fcrbar werden Bildet die dritte S\u00e4ule zu Ausdauer und Kraft Kann pr\u00e4ventiv eingesetzt werden Spricht [&hellip;]<\/p>\n","protected":false},"author":1,"featured_media":0,"parent":0,"menu_order":0,"comment_status":"closed","ping_status":"closed","template":"","meta":{"footnotes":""},"class_list":["post-2670","page","type-page","status-publish","hentry"],"_links":{"self":[{"href":"https:\/\/fitnessplanet-wernau.de\/index.php?rest_route=\/wp\/v2\/pages\/2670","targetHints":{"allow":["GET"]}}],"collection":[{"href":"https:\/\/fitnessplanet-wernau.de\/index.php?rest_route=\/wp\/v2\/pages"}],"about":[{"href":"https:\/\/fitnessplanet-wernau.de\/index.php?rest_route=\/wp\/v2\/types\/page"}],"author":[{"embeddable":true,"href":"https:\/\/fitnessplanet-wernau.de\/index.php?rest_route=\/wp\/v2\/users\/1"}],"replies":[{"embeddable":true,"href":"https:\/\/fitnessplanet-wernau.de\/index.php?rest_route=%2Fwp%2Fv2%2Fcomments&post=2670"}],"version-history":[{"count":9,"href":"https:\/\/fitnessplanet-wernau.de\/index.php?rest_route=\/wp\/v2\/pages\/2670\/revisions"}],"predecessor-version":[{"id":2737,"href":"https:\/\/fitnessplanet-wernau.de\/index.php?rest_route=\/wp\/v2\/pages\/2670\/revisions\/2737"}],"wp:attachment":[{"href":"https:\/\/fitnessplanet-wernau.de\/index.php?rest_route=%2Fwp%2Fv2%2Fmedia&parent=2670"}],"curies":[{"name":"wp","href":"https:\/\/api.w.org\/{rel}","templated":true}]}}