{"id":2707,"date":"2019-07-20T14:38:35","date_gmt":"2019-07-20T13:38:35","guid":{"rendered":"http:\/\/fitnessplanet-wernau.de\/?page_id=2707"},"modified":"2019-07-20T14:54:51","modified_gmt":"2019-07-20T13:54:51","slug":"five-2-3","status":"publish","type":"page","link":"https:\/\/fitnessplanet-wernau.de\/?page_id=2707","title":{"rendered":"CURVE"},"content":{"rendered":"<p>[vc_section css=&#8221;.vc_custom_1563630460043{margin-right: 4% !important;margin-left: 4% !important;}&#8221;][vc_row][vc_column]<div class=\"rt-owl-title-1  style2\">\n\t<div class=\"section-title\">\n\t\t<h2 class=\"owl-title\" style=\"color:#111111;\">Sei Dein eigener Antrieb!<\/h2>\n\t\t<div class=\"owl-description\" style=\"color:#111111;\"><\/div>\n\t<\/div>\n<\/div>[\/vc_column][\/vc_row][vc_row][vc_column][vc_row_inner][vc_column_inner width=&#8221;1\/2&#8243; css=&#8221;.vc_custom_1561453236523{padding-right: 20px !important;}&#8221;][vc_column_text]Das v\u00f6llig neue Laufbandkonzept erlaubt es jedem Benutzer, unabh\u00e4ngig von Gr\u00f6\u00dfe und Gewicht, sofort seine Wunschgeschwindigkeit zu erreichen \u2013 ohne Einsatz einer zus\u00e4tzlichen Steigung oder eines Motors!<\/p>\n<p>Das durchdachte bogenf\u00f6rmige <strong>CURVE<\/strong> ist der H\u00f6hepunkt der langj\u00e4hrigen Entwicklung einer nichtmotorisierten Bauform eines Lamellenlaufbandes entworfen von <strong>WOODWAY<\/strong>. Der Schl\u00fcsselfaktor ist die patentierte Lamellenlauffl\u00e4che und das nahezu reibungslose Antriebssystem, welches dem Lauffl\u00e4cheng\u00fcrtel eine freie Beweglichkeit erm\u00f6glicht.<\/p>\n<p>&nbsp;<\/p>\n<p>[\/vc_column_text][\/vc_column_inner][vc_column_inner width=&#8221;1\/2&#8243;][vc_column_text]Als komplett unmotorisiertes Laufband kann die einzigartig gebogene Bauart dem Benutzer eine Beschleunigung oder ein Abbremsen nach eigenem gew\u00fcnschten Tempo erm\u00f6glichen. Hierbei handelt es sich um das erste Laufband, das wirklich auf die F\u00e4higkeiten des Benutzers reagiert und diese nicht aufgrund der Motorleistung oder der Beschleunigung begrenzt.<\/p>\n<p>[\/vc_column_text][vc_video link=&#8221;https:\/\/www.youtube.com\/watch?v=y6a9QU1I1QU&#8221;][\/vc_column_inner][\/vc_row_inner][vc_separator style=&#8221;dashed&#8221; border_width=&#8221;2&#8243;][\/vc_column][\/vc_row][vc_row][vc_column]<div class=\"rt-owl-title-1  style2\">\n\t<div class=\"section-title\">\n\t\t<h2 class=\"owl-title\" style=\"color:#111111;\">Vereinbaren Sie noch heute Ihren Termin.<\/h2>\n\t\t<div class=\"owl-description\" style=\"color:#111111;\"><br \/>\n<\/div>\n\t<\/div>\n<\/div>[\/vc_column][\/vc_row][vc_row][vc_column]\n<div class=\"wpcf7 no-js\" id=\"wpcf7-f1823-o1\" lang=\"de-DE\" dir=\"ltr\" data-wpcf7-id=\"1823\">\n<div class=\"screen-reader-response\"><p role=\"status\" aria-live=\"polite\" aria-atomic=\"true\"><\/p> <ul><\/ul><\/div>\n<form action=\"\/index.php?rest_route=%2Fwp%2Fv2%2Fpages%2F2707#wpcf7-f1823-o1\" method=\"post\" class=\"wpcf7-form init\" aria-label=\"Kontaktformular\" novalidate=\"novalidate\" data-status=\"init\">\n<fieldset class=\"hidden-fields-container\"><input type=\"hidden\" name=\"_wpcf7\" value=\"1823\" \/><input type=\"hidden\" name=\"_wpcf7_version\" value=\"6.1.5\" \/><input type=\"hidden\" name=\"_wpcf7_locale\" value=\"de_DE\" \/><input type=\"hidden\" name=\"_wpcf7_unit_tag\" value=\"wpcf7-f1823-o1\" \/><input type=\"hidden\" name=\"_wpcf7_container_post\" value=\"0\" \/><input type=\"hidden\" name=\"_wpcf7_posted_data_hash\" value=\"\" \/>\n<\/fieldset>\n<p>Ihr Name (Pflichtfeld)\n<\/p>\n<p><span class=\"wpcf7-form-control-wrap\" data-name=\"your-name\"><input size=\"40\" maxlength=\"400\" class=\"wpcf7-form-control wpcf7-text wpcf7-validates-as-required\" aria-required=\"true\" aria-invalid=\"false\" value=\"\" type=\"text\" name=\"your-name\" \/><\/span>\n<\/p>\n<p>Ihre E-Mail-Adresse (Pflichtfeld)\n<\/p>\n<p><span class=\"wpcf7-form-control-wrap\" data-name=\"your-email\"><input size=\"40\" maxlength=\"400\" class=\"wpcf7-form-control wpcf7-email wpcf7-validates-as-required wpcf7-text wpcf7-validates-as-email\" aria-required=\"true\" aria-invalid=\"false\" value=\"\" type=\"email\" name=\"your-email\" \/><\/span>\n<\/p>\n<p>Betreff\n<\/p>\n<p><span class=\"wpcf7-form-control-wrap\" data-name=\"your-subject\"><input size=\"40\" maxlength=\"400\" class=\"wpcf7-form-control wpcf7-text\" aria-invalid=\"false\" value=\"\" type=\"text\" name=\"your-subject\" \/><\/span>\n<\/p>\n<p>Ihre Nachricht\n<\/p>\n<p><span class=\"wpcf7-form-control-wrap\" data-name=\"your-message\"><textarea cols=\"40\" rows=\"10\" maxlength=\"2000\" class=\"wpcf7-form-control wpcf7-textarea\" aria-invalid=\"false\" name=\"your-message\"><\/textarea><\/span>\n<\/p>\n<p><input class=\"wpcf7-form-control wpcf7-submit has-spinner\" type=\"submit\" value=\"Senden\" \/>\n<\/p><p style=\"display: none !important;\" class=\"akismet-fields-container\" data-prefix=\"_wpcf7_ak_\"><label>&#916;<textarea name=\"_wpcf7_ak_hp_textarea\" cols=\"45\" rows=\"8\" maxlength=\"100\"><\/textarea><\/label><input type=\"hidden\" id=\"ak_js_1\" name=\"_wpcf7_ak_js\" value=\"202\"\/><script>document.getElementById( \"ak_js_1\" ).setAttribute( \"value\", ( new Date() ).getTime() );<\/script><\/p><div class=\"wpcf7-response-output\" aria-hidden=\"true\"><\/div>\n<\/form>\n<\/div>\n[\/vc_column][\/vc_row][\/vc_section]<\/p>\n","protected":false},"excerpt":{"rendered":"<p>[vc_section css=&#8221;.vc_custom_1563630460043{margin-right: 4% !important;margin-left: 4% !important;}&#8221;][vc_row][vc_column][\/vc_column][\/vc_row][vc_row][vc_column][vc_row_inner][vc_column_inner width=&#8221;1\/2&#8243; css=&#8221;.vc_custom_1561453236523{padding-right: 20px !important;}&#8221;][vc_column_text]Das v\u00f6llig neue Laufbandkonzept erlaubt es jedem Benutzer, unabh\u00e4ngig von Gr\u00f6\u00dfe und Gewicht, sofort seine Wunschgeschwindigkeit zu erreichen \u2013 ohne Einsatz einer zus\u00e4tzlichen Steigung oder eines Motors! Das durchdachte bogenf\u00f6rmige CURVE ist der H\u00f6hepunkt der langj\u00e4hrigen Entwicklung einer nichtmotorisierten Bauform eines Lamellenlaufbandes entworfen von WOODWAY. Der [&hellip;]<\/p>\n","protected":false},"author":1,"featured_media":0,"parent":0,"menu_order":0,"comment_status":"closed","ping_status":"closed","template":"","meta":{"footnotes":""},"class_list":["post-2707","page","type-page","status-publish","hentry"],"_links":{"self":[{"href":"https:\/\/fitnessplanet-wernau.de\/index.php?rest_route=\/wp\/v2\/pages\/2707","targetHints":{"allow":["GET"]}}],"collection":[{"href":"https:\/\/fitnessplanet-wernau.de\/index.php?rest_route=\/wp\/v2\/pages"}],"about":[{"href":"https:\/\/fitnessplanet-wernau.de\/index.php?rest_route=\/wp\/v2\/types\/page"}],"author":[{"embeddable":true,"href":"https:\/\/fitnessplanet-wernau.de\/index.php?rest_route=\/wp\/v2\/users\/1"}],"replies":[{"embeddable":true,"href":"https:\/\/fitnessplanet-wernau.de\/index.php?rest_route=%2Fwp%2Fv2%2Fcomments&post=2707"}],"version-history":[{"count":3,"href":"https:\/\/fitnessplanet-wernau.de\/index.php?rest_route=\/wp\/v2\/pages\/2707\/revisions"}],"predecessor-version":[{"id":2711,"href":"https:\/\/fitnessplanet-wernau.de\/index.php?rest_route=\/wp\/v2\/pages\/2707\/revisions\/2711"}],"wp:attachment":[{"href":"https:\/\/fitnessplanet-wernau.de\/index.php?rest_route=%2Fwp%2Fv2%2Fmedia&parent=2707"}],"curies":[{"name":"wp","href":"https:\/\/api.w.org\/{rel}","templated":true}]}}