{"id":2717,"date":"2019-07-20T15:07:12","date_gmt":"2019-07-20T14:07:12","guid":{"rendered":"http:\/\/fitnessplanet-wernau.de\/?page_id=2717"},"modified":"2023-01-22T15:11:26","modified_gmt":"2023-01-22T14:11:26","slug":"five-2-4","status":"publish","type":"page","link":"https:\/\/fitnessplanet-wernau.de\/?page_id=2717","title":{"rendered":"\u201eKnackige Beine und straffer Bauch \u201e"},"content":{"rendered":"<p>[vc_section css=&#8221;.vc_custom_1563631102797{margin-right: 4% !important;margin-left: 4% !important;}&#8221;][vc_row][vc_column]<div class=\"rt-owl-title-1  style2\">\n\t<div class=\"section-title\">\n\t\t<h2 class=\"owl-title\" style=\"color:#111111;\">\u201eKnackige Beine und einen straffen Bauch\u201c<\/h2>\n\t\t<div class=\"owl-description\" style=\"color:#a50004;font-size:18px;line-height:1.3;\">Wer w\u00fcnscht es sich nicht und besonders sobald die ersten warmen Sonnenstrahlen zum Vorschein kommen.... \u201eKnackige Beine und einen straffen Bauch\u201c ?!<\/div>\n\t<\/div>\n<\/div>[\/vc_column][\/vc_row][vc_row][vc_column][vc_row_inner][vc_column_inner width=&#8221;1\/2&#8243; css=&#8221;.vc_custom_1561453236523{padding-right: 20px !important;}&#8221;][vc_column_text]Viele Frauen w\u00fcrden Ihre Beine und Bauch lieber verstecken und w\u00fcnschen sich Ihre Beine knackiger, glatter, ebenm\u00e4\u00dfiger, schlanker und den Bauch flacher, straffer oder einfach sch\u00f6ner!<br \/>\nDeshalb haben wir f\u00fcr Sie ein exklusives 6-w\u00f6chiges Figurkonzept zusammengestellt.<\/p>\n<p>Innerhalb diesen 6 Wochen werden wir Sie in einem speziell zusammengestellten 3-Stufenprogramm zu einer neuen Bein \u2013 und Bauchfreiheit begleiten.[\/vc_column_text][\/vc_column_inner][vc_column_inner width=&#8221;1\/2&#8243;][vc_column_text]Der Fitnessplanet bietet dieses begrenzte\u00a0<span style=\"color: #a50004;\"><strong>6-w\u00f6chige Figurkonzept \u201eKnackige Beine und straffer Bauch\u201c<\/strong>\u00a0<\/span><strong><span style=\"color: #a50004;\">zum absoluten Kennenlernpreis von 79,00 Euro * an!<\/span><br \/>\n<\/strong>Die Teilnahme ist auf 25 Personen begrenzt!<\/p>\n<h6><span style=\"color: #999999;\"><em>*Dieser Preis beinhaltet das Figurkonzept \u201e3-Stufenprogramm \u2013 Knackige Beine und straffer Bauch\u201c inklusive Nutzung aller Kurse und des Wellnessbereichs f\u00fcr 6 Wochen.<\/em><\/span><\/h6>\n<p>[\/vc_column_text][\/vc_column_inner][vc_column_inner]<div class=\"rt-owl-title-1 vc_custom_1563632479267 style2\">\n\t<div class=\"section-title\">\n\t\t<h2 class=\"owl-title\" style=\"color:#111111;\">1 FETTSTOFFWECHSELZIRKEL UND BAUCH-\/BEINE ZIRKEL<\/h2>\n\t\t<div class=\"owl-description\" style=\"color:#111111;\">\u201eZirkel ist nicht gleich Zirkel - hier gibt es das Original!\u201c \u201emilon Zirkel\u201c<br \/>\n2-teiliges Straffungsprogramm f\u00fcr knackige Beine und einen straffen Bauch<\/div>\n\t<\/div>\n<\/div>[\/vc_column_inner][\/vc_row_inner][\/vc_column][\/vc_row][vc_row][vc_column][vc_row_inner][vc_column_inner width=&#8221;1\/2&#8243;][vc_column_text]<\/p>\n<ul>\n<li><span style=\"color: #a50004;\"><strong>Fettstoffwechselzirkel und Bauch-\/Beine Zirkel<\/strong><\/span><\/li>\n<li><span style=\"color: #a50004;\"><strong>Straffung des tieferliegenden Bindegewebes<\/strong><\/span><\/li>\n<li><span style=\"color: #a50004;\"><strong>Mobilisierung der Fettdepots<\/strong><\/span><\/li>\n<li><span style=\"color: #a50004;\"><strong>Aktivierung des Lymphflusses<\/strong><\/span><\/li>\n<li><span style=\"color: #a50004;\"><strong>Steigerung der Fettverbrennung<\/strong><\/span><\/li>\n<\/ul>\n<p>&nbsp;<\/p>\n<p>[\/vc_column_text][\/vc_column_inner][vc_column_inner width=&#8221;1\/2&#8243; css=&#8221;.vc_custom_1561454271866{padding-bottom: 20% !important;}&#8221;][\/vc_column_inner][\/vc_row_inner][\/vc_column][\/vc_row][vc_row][vc_column]<div class=\"rt-owl-title-1  style2\">\n\t<div class=\"section-title\">\n\t\t<h2 class=\"owl-title\" style=\"color:#111111;\">2 VACU-WALK \u2013 STOFFWECHSELBOMBE ODER BAUCHGURT-SYSTEM<\/h2>\n\t\t<div class=\"owl-description\" style=\"color:#111111;\">2 x w\u00f6chentlich \u201eSanftes Gehen im Unterdruck\u201c<br \/>\n\u201eVacu-Walk\u201c ist ein Bewegungssystem, das mit Unterdruck arbeitet.<br \/>\n<\/div>\n\t<\/div>\n<\/div>[\/vc_column][\/vc_row][vc_row][vc_column][vc_row_inner][vc_column_inner width=&#8221;1\/2&#8243;][vc_column_text]<\/p>\n<ul>\n<li><span style=\"color: #a50004;\"><strong>F\u00f6rderung des Abtransports von Schlackenstoffen<\/strong><\/span><\/li>\n<li><span style=\"color: #a50004;\"><strong>Hilft Fl\u00fcssigkeitsansammlungen aufzul\u00f6sen<\/strong><\/span><\/li>\n<li><span style=\"color: #a50004;\"><strong>Das Hautbild kann verbessert werden<\/strong><\/span><\/li>\n<\/ul>\n<p>&nbsp;<\/p>\n<p>Das &#8220;Schr\u00f6pfen&#8221; wird schon seit \u00fcber 3000 Jahren praktiziert. Es erzeugt durch seine Wirkung eine sehr starke Durchblutung und kann den Lymphfluss positiv unterst\u00fctzen. Viele Frauen leiden unter Cellulite, besonders an den Oberschenkeln und am Po. Meistens ist der Kampf dagegen vergeblich, da es sich nicht nur um Wassereinlagerungen, sondern um eine Ansammlung von Fettzellen im Unterhautfettgewebe handelt. Deshalb kann nur eine gezielte Reduktion der Fettzellen Cellulite dauerhaft verbessern!<\/p>\n<p><strong>Training und Di\u00e4t gen\u00fcgen meistens nicht!<\/strong><\/p>\n<p>Medizinische Erkenntnisse standen bei der Entwicklung des\u00a0<strong>Vacu-Walk<\/strong>\u00a0im Vordergrund. Durch Unterdruck wird die Durchblutung gef\u00f6rdert. Mehr Blut transportiert mehr Sauerstoff ins Gewerbe. Sauerstoff aktiviert die\u00a0<strong>Stoffwechselprozesse<\/strong>. Erh\u00f6hter Stoffwechsel verbraucht mehr Fett![\/vc_column_text][\/vc_column_inner][vc_column_inner width=&#8221;1\/2&#8243; css=&#8221;.vc_custom_1561454271866{padding-bottom: 20% !important;}&#8221;][vc_single_image image=&#8221;2100&#8243; img_size=&#8221;400&#215;400&#8243;][\/vc_column_inner][\/vc_row_inner][vc_row_inner][vc_column_inner width=&#8221;1\/2&#8243;][vc_single_image image=&#8221;1573&#8243; img_size=&#8221;400&#215;400&#8243;][\/vc_column_inner][vc_column_inner width=&#8221;1\/2&#8243; css=&#8221;.vc_custom_1561454271866{padding-bottom: 20% !important;}&#8221;][vc_column_text]<strong>oder Bauchgurt-Training EMS (Elektromyostimulationstraining)\u00a0Bauch frei f\u00fcr ein neues K\u00f6rpergef\u00fchl.<\/strong><\/p>\n<p>Die einzigartige Drei-Elektroden-Konfiguration und klinisch bewiesene Programme machen den Slendertone Bauchgurt zu einem nicht vergleichbaren Produkt.<\/p>\n<p>KLINISCH BEWIESEN \u2013 Unser EMS Bauchgurt garantiert Erfolge&#8230;<\/p>\n<ul>\n<li><span style=\"color: #a50004;\"><strong>FESTER FLACHER BAUCH<\/strong><\/span><\/li>\n<li><span style=\"color: #a50004;\"><strong>ST\u00c4RKERE BAUCHMUSKULATUR<\/strong><\/span><\/li>\n<li><span style=\"color: #a50004;\"><strong>PERFEKT SITZENDE KLEIDUNG<\/strong><\/span><\/li>\n<\/ul>\n<p>&nbsp;<\/p>\n<p>Das EMS Bauchgurt-System arbeitet mit elektrische Impulse, die von au\u00dfen \u00fcber Hautelektroden auf den Nerv und damit den Muskel einwirken und Muskelkontraktionen hervorrufen. Die St\u00e4rke der Impulse k\u00f6nnen Sie dabei selbst regulieren und auf sich und Ihre Bed\u00fcrfnisse einstellen.\u00a0<strong>Muskeltraining war noch nie leichter&#8230;<\/strong>[\/vc_column_text][\/vc_column_inner][\/vc_row_inner][\/vc_column][\/vc_row][vc_row][vc_column]<div class=\"rt-owl-title-1  style2\">\n\t<div class=\"section-title\">\n\t\t<h2 class=\"owl-title\" style=\"color:#111111;\">PRETTY-WOMAN \u2013 ERN\u00c4HRUNGSPLAN<\/h2>\n\t\t<div class=\"owl-description\" style=\"color:#111111;\">Verbinden Sie unser Figurkonzept mit der optimalen Ern\u00e4hrung!<br \/>\nEsse 5 Tage nach Plan, 2 Tage nach Lust!<\/div>\n\t<\/div>\n<\/div>[vc_row_inner][vc_column_inner width=&#8221;1\/2&#8243;][vc_column_text]Grundnahrungsmittel unserer Ern\u00e4hrung ist frisches Gem\u00fcse, das mit Eiwei\u00df, guten Fetten und ausgesuchten Kohlenhydraten kombiniert wird. Unsere Erg\u00e4nzung in Form von Eiwei\u00df-Shakes, stellen eine einfache M\u00f6glichkeit zur optimalen Eiwei\u00dfversorgung dar (low Carb &amp; best Protein). Von Montag bis Freitag halten Sie sich konsequent an den Pretty-Ern\u00e4hrungsplan!<\/p>\n<ul>\n<li><span style=\"color: #a50004;\"><strong>Aktivierung Ihres Stoffwechsels<\/strong><\/span><\/li>\n<li><span style=\"color: #a50004;\"><strong>Ern\u00e4hrungsplan mit leckeren Rezepten<\/strong><\/span><\/li>\n<li><span style=\"color: #a50004;\"><strong>Individuell auf Ihren Geschmack abgestimmt<\/strong><\/span><\/li>\n<\/ul>\n<p>&nbsp;<\/p>\n<p><strong>Level 1<\/strong>\u00a0(Kilos runter) \u2013Stoffwechsel Aktivierungstage<br \/>\n<strong>Level 2<\/strong>\u00a0(Schalte den Turbo ein) \u2013 Fettstoffwechselturbo durch 3 Basentage<br \/>\n<strong>Level 3<\/strong>\u00a0(Figur verbessern) \u2013 Form- und Straffungstage[\/vc_column_text][\/vc_column_inner][vc_column_inner width=&#8221;1\/2&#8243; css=&#8221;.vc_custom_1561454271866{padding-bottom: 20% !important;}&#8221;][vc_single_image image=&#8221;2105&#8243; img_size=&#8221;400&#215;400&#8243;][\/vc_column_inner][\/vc_row_inner][vc_separator style=&#8221;dashed&#8221; border_width=&#8221;2&#8243;][\/vc_column][\/vc_row][vc_row][vc_column]<div class=\"rt-owl-title-1  style2\">\n\t<div class=\"section-title\">\n\t\t<h2 class=\"owl-title\" style=\"color:#111111;\">Vereinbaren Sie noch heute Ihren Termin.<\/h2>\n\t\t<div class=\"owl-description\" style=\"color:#111111;\"><\/div>\n\t<\/div>\n<\/div>[\/vc_column][\/vc_row][vc_row][vc_column]\n<div class=\"wpcf7 no-js\" id=\"wpcf7-f1823-o1\" lang=\"de-DE\" dir=\"ltr\" data-wpcf7-id=\"1823\">\n<div class=\"screen-reader-response\"><p role=\"status\" aria-live=\"polite\" aria-atomic=\"true\"><\/p> <ul><\/ul><\/div>\n<form action=\"\/index.php?rest_route=%2Fwp%2Fv2%2Fpages%2F2717#wpcf7-f1823-o1\" method=\"post\" class=\"wpcf7-form init\" aria-label=\"Kontaktformular\" novalidate=\"novalidate\" data-status=\"init\">\n<fieldset class=\"hidden-fields-container\"><input type=\"hidden\" name=\"_wpcf7\" value=\"1823\" \/><input type=\"hidden\" name=\"_wpcf7_version\" value=\"6.1.5\" \/><input type=\"hidden\" name=\"_wpcf7_locale\" value=\"de_DE\" \/><input type=\"hidden\" name=\"_wpcf7_unit_tag\" value=\"wpcf7-f1823-o1\" \/><input type=\"hidden\" name=\"_wpcf7_container_post\" value=\"0\" \/><input type=\"hidden\" name=\"_wpcf7_posted_data_hash\" value=\"\" \/>\n<\/fieldset>\n<p>Ihr Name (Pflichtfeld)\n<\/p>\n<p><span class=\"wpcf7-form-control-wrap\" data-name=\"your-name\"><input size=\"40\" maxlength=\"400\" class=\"wpcf7-form-control wpcf7-text wpcf7-validates-as-required\" aria-required=\"true\" aria-invalid=\"false\" value=\"\" type=\"text\" name=\"your-name\" \/><\/span>\n<\/p>\n<p>Ihre E-Mail-Adresse (Pflichtfeld)\n<\/p>\n<p><span class=\"wpcf7-form-control-wrap\" data-name=\"your-email\"><input size=\"40\" maxlength=\"400\" class=\"wpcf7-form-control wpcf7-email wpcf7-validates-as-required wpcf7-text wpcf7-validates-as-email\" aria-required=\"true\" aria-invalid=\"false\" value=\"\" type=\"email\" name=\"your-email\" \/><\/span>\n<\/p>\n<p>Betreff\n<\/p>\n<p><span class=\"wpcf7-form-control-wrap\" data-name=\"your-subject\"><input size=\"40\" maxlength=\"400\" class=\"wpcf7-form-control wpcf7-text\" aria-invalid=\"false\" value=\"\" type=\"text\" name=\"your-subject\" \/><\/span>\n<\/p>\n<p>Ihre Nachricht\n<\/p>\n<p><span class=\"wpcf7-form-control-wrap\" data-name=\"your-message\"><textarea cols=\"40\" rows=\"10\" maxlength=\"2000\" class=\"wpcf7-form-control wpcf7-textarea\" aria-invalid=\"false\" name=\"your-message\"><\/textarea><\/span>\n<\/p>\n<p><input class=\"wpcf7-form-control wpcf7-submit has-spinner\" type=\"submit\" value=\"Senden\" \/>\n<\/p><p style=\"display: none !important;\" class=\"akismet-fields-container\" data-prefix=\"_wpcf7_ak_\"><label>&#916;<textarea name=\"_wpcf7_ak_hp_textarea\" cols=\"45\" rows=\"8\" maxlength=\"100\"><\/textarea><\/label><input type=\"hidden\" id=\"ak_js_1\" name=\"_wpcf7_ak_js\" value=\"189\"\/><script>document.getElementById( \"ak_js_1\" ).setAttribute( \"value\", ( new Date() ).getTime() );<\/script><\/p><div class=\"wpcf7-response-output\" aria-hidden=\"true\"><\/div>\n<\/form>\n<\/div>\n[\/vc_column][\/vc_row][\/vc_section]<\/p>\n","protected":false},"excerpt":{"rendered":"<p>[vc_section css=&#8221;.vc_custom_1563631102797{margin-right: 4% !important;margin-left: 4% !important;}&#8221;][vc_row][vc_column][\/vc_column][\/vc_row][vc_row][vc_column][vc_row_inner][vc_column_inner width=&#8221;1\/2&#8243; css=&#8221;.vc_custom_1561453236523{padding-right: 20px !important;}&#8221;][vc_column_text]Viele Frauen w\u00fcrden Ihre Beine und Bauch lieber verstecken und w\u00fcnschen sich Ihre Beine knackiger, glatter, ebenm\u00e4\u00dfiger, schlanker und den Bauch flacher, straffer oder einfach sch\u00f6ner! Deshalb haben wir f\u00fcr Sie ein exklusives 6-w\u00f6chiges Figurkonzept zusammengestellt. Innerhalb diesen 6 Wochen werden wir Sie in einem speziell [&hellip;]<\/p>\n","protected":false},"author":1,"featured_media":0,"parent":0,"menu_order":0,"comment_status":"closed","ping_status":"closed","template":"","meta":{"footnotes":""},"class_list":["post-2717","page","type-page","status-publish","hentry"],"_links":{"self":[{"href":"https:\/\/fitnessplanet-wernau.de\/index.php?rest_route=\/wp\/v2\/pages\/2717","targetHints":{"allow":["GET"]}}],"collection":[{"href":"https:\/\/fitnessplanet-wernau.de\/index.php?rest_route=\/wp\/v2\/pages"}],"about":[{"href":"https:\/\/fitnessplanet-wernau.de\/index.php?rest_route=\/wp\/v2\/types\/page"}],"author":[{"embeddable":true,"href":"https:\/\/fitnessplanet-wernau.de\/index.php?rest_route=\/wp\/v2\/users\/1"}],"replies":[{"embeddable":true,"href":"https:\/\/fitnessplanet-wernau.de\/index.php?rest_route=%2Fwp%2Fv2%2Fcomments&post=2717"}],"version-history":[{"count":4,"href":"https:\/\/fitnessplanet-wernau.de\/index.php?rest_route=\/wp\/v2\/pages\/2717\/revisions"}],"predecessor-version":[{"id":3373,"href":"https:\/\/fitnessplanet-wernau.de\/index.php?rest_route=\/wp\/v2\/pages\/2717\/revisions\/3373"}],"wp:attachment":[{"href":"https:\/\/fitnessplanet-wernau.de\/index.php?rest_route=%2Fwp%2Fv2%2Fmedia&parent=2717"}],"curies":[{"name":"wp","href":"https:\/\/api.w.org\/{rel}","templated":true}]}}