{"id":2727,"date":"2019-07-20T16:23:03","date_gmt":"2019-07-20T15:23:03","guid":{"rendered":"http:\/\/fitnessplanet-wernau.de\/?page_id=2727"},"modified":"2019-07-20T16:43:15","modified_gmt":"2019-07-20T15:43:15","slug":"five-2-6","status":"publish","type":"page","link":"https:\/\/fitnessplanet-wernau.de\/?page_id=2727","title":{"rendered":"Wellsystem Medical PLUS"},"content":{"rendered":"<p>[vc_section css=&#8221;.vc_custom_1563631102797{margin-right: 4% !important;margin-left: 4% !important;}&#8221;][vc_row][vc_column]<div class=\"rt-owl-title-1  style2\">\n\t<div class=\"section-title\">\n\t\t<h2 class=\"owl-title\" style=\"color:#111111;\">Wellsystem Medical PLUS mit Wellsystem SPA<\/h2>\n\t\t<div class=\"owl-description\" style=\"color:#111111;\">Hier k\u00f6nnen Sie das einzigartige Konzept der \u00dcberwasser-Massage mit Wellsystem Medical_Plus optimal zur Therapie und Pr\u00e4vention einsetzen und nach dem Training erg\u00e4nzen!<br \/>\n<\/br><\/div>\n\t<\/div>\n<\/div>[\/vc_column][\/vc_row][vc_row][vc_column][vc_row_inner][vc_column_inner width=&#8221;1\/2&#8243; css=&#8221;.vc_custom_1561453236523{padding-right: 20px !important;}&#8221;][vc_column_text css_animation=&#8221;fadeIn&#8221;]<b><br \/>\nMedical_Plus verbindet die sanfte Kraft des Wassers mit wohltuender W\u00e4rme zu einem einzigartigen Therapiekonzept mit einer Vielzahl positiver Effekte<\/b>:<\/p>\n<ul>\n<li><span style=\"color: #a50004;\">Schmerzlinderung<\/span><\/li>\n<li><span style=\"color: #a50004;\">Muskelentspannung<\/span><\/li>\n<li><span style=\"color: #a50004;\">Beseitigung muskul\u00e4rer Dysbalancen<\/span><\/li>\n<li><span style=\"color: #a50004;\">Optimierung des Muskeltonus<\/span><\/li>\n<li><span style=\"color: #a50004;\">Lokale Durchblutungs- und Stoffwechselsteigerung<\/span><\/li>\n<li><span style=\"color: #a50004;\">Ven\u00f6se und lymphatische Entstauung<\/span><\/li>\n<li><span style=\"color: #a50004;\">Lockerung des Unterhautzellgewebes<\/span><\/li>\n<li><span style=\"color: #a50004;\">Positiver Einflu\u00df auf das vegetative Nervensystem mit g\u00fcnstigen Effekten auf die inneren Organe.<\/span><\/li>\n<\/ul>\n<p><i>Mit Wellsystem Medical_Plus steht Ihnen im fitnessplanet eine neu entwickelte \u00dcberwasser-Massageliege der obersten Leistungsklasse zur Verf\u00fcgung.<\/i><\/p>\n<blockquote>\n<p>WELLSYSTEM MEDICAL_PLUS STEHT F\u00dcR INDIVIDUELLE MASSAGE.\n<\/p>\n<\/blockquote>\n<blockquote>\n<p>IN VOLLER BEKLEIDUNG &#8211; OHNE UMZIEHEN, OHNE ANSCHLIESSENDES DUSCHEN.\u00a0<\/p>\n<\/blockquote>\n<blockquote>\n<p>F\u00dcR SCHNELLE VERF\u00dcGBARKEIT UND EINFACHE HANDHABUNG.<\/p>\n<\/blockquote>\n<p>[\/vc_column_text][\/vc_column_inner][vc_column_inner width=&#8221;1\/2&#8243; css=&#8221;.vc_custom_1563636647821{margin-top: 25px !important;}&#8221;][vc_single_image image=&#8221;1949&#8243; img_size=&#8221;full&#8221;][\/vc_column_inner][\/vc_row_inner][\/vc_column][\/vc_row][vc_row][vc_column][vc_separator style=&#8221;dashed&#8221; border_width=&#8221;2&#8243;][\/vc_column][\/vc_row][vc_row][vc_column]<div class=\"rt-owl-title-1  style2\">\n\t<div class=\"section-title\">\n\t\t<h2 class=\"owl-title\" style=\"color:#111111;\">Vereinbaren Sie noch heute Ihren Termin.<\/h2>\n\t\t<div class=\"owl-description\" style=\"color:#111111;\"><\/div>\n\t<\/div>\n<\/div>[\/vc_column][\/vc_row][vc_row][vc_column]\n<div class=\"wpcf7 no-js\" id=\"wpcf7-f1823-o1\" lang=\"de-DE\" dir=\"ltr\" data-wpcf7-id=\"1823\">\n<div class=\"screen-reader-response\"><p role=\"status\" aria-live=\"polite\" aria-atomic=\"true\"><\/p> <ul><\/ul><\/div>\n<form action=\"\/index.php?rest_route=%2Fwp%2Fv2%2Fpages%2F2727#wpcf7-f1823-o1\" method=\"post\" class=\"wpcf7-form init\" aria-label=\"Kontaktformular\" novalidate=\"novalidate\" data-status=\"init\">\n<fieldset class=\"hidden-fields-container\"><input type=\"hidden\" name=\"_wpcf7\" value=\"1823\" \/><input type=\"hidden\" name=\"_wpcf7_version\" value=\"6.1.6\" \/><input type=\"hidden\" name=\"_wpcf7_locale\" value=\"de_DE\" \/><input type=\"hidden\" name=\"_wpcf7_unit_tag\" value=\"wpcf7-f1823-o1\" \/><input type=\"hidden\" name=\"_wpcf7_container_post\" value=\"0\" \/><input type=\"hidden\" name=\"_wpcf7_posted_data_hash\" value=\"\" \/>\n<\/fieldset>\n<p>Ihr Name (Pflichtfeld)\n<\/p>\n<p><span class=\"wpcf7-form-control-wrap\" data-name=\"your-name\"><input size=\"40\" maxlength=\"400\" class=\"wpcf7-form-control wpcf7-text wpcf7-validates-as-required\" aria-required=\"true\" aria-invalid=\"false\" value=\"\" type=\"text\" name=\"your-name\" \/><\/span>\n<\/p>\n<p>Ihre E-Mail-Adresse (Pflichtfeld)\n<\/p>\n<p><span class=\"wpcf7-form-control-wrap\" data-name=\"your-email\"><input size=\"40\" maxlength=\"400\" class=\"wpcf7-form-control wpcf7-email wpcf7-validates-as-required wpcf7-text wpcf7-validates-as-email\" aria-required=\"true\" aria-invalid=\"false\" value=\"\" type=\"email\" name=\"your-email\" \/><\/span>\n<\/p>\n<p>Betreff\n<\/p>\n<p><span class=\"wpcf7-form-control-wrap\" data-name=\"your-subject\"><input size=\"40\" maxlength=\"400\" class=\"wpcf7-form-control wpcf7-text\" aria-invalid=\"false\" value=\"\" type=\"text\" name=\"your-subject\" \/><\/span>\n<\/p>\n<p>Ihre Nachricht\n<\/p>\n<p><span class=\"wpcf7-form-control-wrap\" data-name=\"your-message\"><textarea cols=\"40\" rows=\"10\" maxlength=\"2000\" class=\"wpcf7-form-control wpcf7-textarea\" aria-invalid=\"false\" name=\"your-message\"><\/textarea><\/span>\n<\/p>\n<p><input class=\"wpcf7-form-control wpcf7-submit has-spinner\" type=\"submit\" value=\"Senden\" \/>\n<\/p><p style=\"display: none !important;\" class=\"akismet-fields-container\" data-prefix=\"_wpcf7_ak_\"><label>&#916;<textarea name=\"_wpcf7_ak_hp_textarea\" cols=\"45\" rows=\"8\" maxlength=\"100\"><\/textarea><\/label><input type=\"hidden\" id=\"ak_js_1\" name=\"_wpcf7_ak_js\" value=\"204\"\/><script type=\"text\/javascript\">\n\/* <![CDATA[ *\/\ndocument.getElementById( \"ak_js_1\" ).setAttribute( \"value\", ( new Date() ).getTime() );\n\/* ]]> *\/\n<\/script>\n<\/p><div class=\"wpcf7-response-output\" aria-hidden=\"true\"><\/div>\n<\/form>\n<\/div>\n[\/vc_column][\/vc_row][\/vc_section]<\/p>\n","protected":false},"excerpt":{"rendered":"<p>[vc_section css=&#8221;.vc_custom_1563631102797{margin-right: 4% !important;margin-left: 4% !important;}&#8221;][vc_row][vc_column][\/vc_column][\/vc_row][vc_row][vc_column][vc_row_inner][vc_column_inner width=&#8221;1\/2&#8243; css=&#8221;.vc_custom_1561453236523{padding-right: 20px !important;}&#8221;][vc_column_text css_animation=&#8221;fadeIn&#8221;] Medical_Plus verbindet die sanfte Kraft des Wassers mit wohltuender W\u00e4rme zu einem einzigartigen Therapiekonzept mit einer Vielzahl positiver Effekte: Schmerzlinderung Muskelentspannung Beseitigung muskul\u00e4rer Dysbalancen Optimierung des Muskeltonus Lokale Durchblutungs- und Stoffwechselsteigerung Ven\u00f6se und lymphatische Entstauung Lockerung des Unterhautzellgewebes Positiver Einflu\u00df auf das vegetative Nervensystem [&hellip;]<\/p>\n","protected":false},"author":1,"featured_media":0,"parent":0,"menu_order":0,"comment_status":"closed","ping_status":"closed","template":"","meta":{"footnotes":""},"class_list":["post-2727","page","type-page","status-publish","hentry"],"_links":{"self":[{"href":"https:\/\/fitnessplanet-wernau.de\/index.php?rest_route=\/wp\/v2\/pages\/2727","targetHints":{"allow":["GET"]}}],"collection":[{"href":"https:\/\/fitnessplanet-wernau.de\/index.php?rest_route=\/wp\/v2\/pages"}],"about":[{"href":"https:\/\/fitnessplanet-wernau.de\/index.php?rest_route=\/wp\/v2\/types\/page"}],"author":[{"embeddable":true,"href":"https:\/\/fitnessplanet-wernau.de\/index.php?rest_route=\/wp\/v2\/users\/1"}],"replies":[{"embeddable":true,"href":"https:\/\/fitnessplanet-wernau.de\/index.php?rest_route=%2Fwp%2Fv2%2Fcomments&post=2727"}],"version-history":[{"count":2,"href":"https:\/\/fitnessplanet-wernau.de\/index.php?rest_route=\/wp\/v2\/pages\/2727\/revisions"}],"predecessor-version":[{"id":2730,"href":"https:\/\/fitnessplanet-wernau.de\/index.php?rest_route=\/wp\/v2\/pages\/2727\/revisions\/2730"}],"wp:attachment":[{"href":"https:\/\/fitnessplanet-wernau.de\/index.php?rest_route=%2Fwp%2Fv2%2Fmedia&parent=2727"}],"curies":[{"name":"wp","href":"https:\/\/api.w.org\/{rel}","templated":true}]}}