{"id":2732,"date":"2019-07-20T16:45:13","date_gmt":"2019-07-20T15:45:13","guid":{"rendered":"http:\/\/fitnessplanet-wernau.de\/?page_id=2732"},"modified":"2019-07-20T17:07:28","modified_gmt":"2019-07-20T16:07:28","slug":"five-2-7","status":"publish","type":"page","link":"https:\/\/fitnessplanet-wernau.de\/?page_id=2732","title":{"rendered":"XSAM surf the wave"},"content":{"rendered":"<p>[vc_section css=&#8221;.vc_custom_1563631102797{margin-right: 4% !important;margin-left: 4% !important;}&#8221;][vc_row][vc_column]<div class=\"rt-owl-title-1  style2\">\n\t<div class=\"section-title\">\n\t\t<h2 class=\"owl-title\" style=\"color:#111111;\">XSAM ist f\u00fcr alle:<\/h2>\n\t\t<div class=\"owl-description\" style=\"color:#111111;\"><\/div>\n\t<\/div>\n<\/div>[\/vc_column][\/vc_row][vc_row][vc_column][vc_row_inner][vc_column_inner width=&#8221;1\/2&#8243; css=&#8221;.vc_custom_1561453236523{padding-right: 20px !important;}&#8221;][vc_column_text]<\/p>\n<ul>\n<li><span style=\"color: #a50004;\">Fit im Alter<\/span><\/li>\n<li><span style=\"color: #a50004;\">Aktiv mit Freizeitsport<\/span><\/li>\n<li><span style=\"color: #a50004;\">Maximale Leistung im Kraft- und Ausdauersport<\/span><\/li>\n<li><span style=\"color: #a50004;\">Entspannung und gutes K\u00f6rpergef\u00fchl f\u00fcr Jung und Alt<\/span><\/li>\n<\/ul>\n<p>Nat\u00fcrlich und dynamisch Variable seitenalternierende Muskelstimulation.<\/p>\n<p>XSAM stimuliert Ihre Muskeln und trainiert Koordination, Beweglichkeit und Dynamik \u2013 mit nat\u00fcrlichen und variablen Bewegungs-Abl\u00e4ufen.<\/p>\n<p>Das Prinzip: Zwei Boden-Platten bewegen sich im Wechsel rhythmisch auf und ab.[\/vc_column_text][\/vc_column_inner][vc_column_inner width=&#8221;1\/2&#8243;][vc_column_text]Die Innovation: XSAM erzeugt eine nat\u00fcrliche Bewegung. Der Vorderfu\u00df wird angehoben und gesenkt, das Fu\u00dfgelenk bewegt. Hier l\u00e4uft der Mensch. Bei herk\u00f6mmlichen muskelstimulierenden Trainings-Ger\u00e4ten h\u00fcpft oder watschelt er, eine Bewegung des Fu\u00dfgelenkes ist nicht m\u00f6glich. XSAM ist evolution\u00e4r.<\/p>\n<p>Ef\ufb01zientes Training ist immer variabel und individuell. Die \u00dcbungsvielfalt des XSAM Programms ist gigantisch: Aufrecht stehend, mit ganzem Fu\u00df oder nur mit Ballen, liegend, sitzend, mit Knien oder H\u00e4nden abst\u00fctzend \u2013 XSAM ist die L\u00f6sung f\u00fcr jedes gew\u00fcnschte \u00dcbungsziel.[\/vc_column_text][vc_single_image image=&#8221;1073&#8243; img_size=&#8221;full&#8221;][\/vc_column_inner][\/vc_row_inner][vc_toggle title=&#8221;Sport \u2013 trainieren und erholen&#8221;]XSAM erm\u00f6glicht dem leistungsorientierten Sportler eine fein abgestimmte Dosierung der Trainings: von der lockeren Vordehn- und Aufw\u00e4rmphase \u00fcber den suboptimalen Bereich bis zu maximaler Leistungsanforderung. Mit dem innovativen Konzept von XSAM k\u00f6nnen Sie sowohl eigenst\u00e4ndige Akzente setzen als auch bew\u00e4hrte Abl\u00e4ufe in Ihrem Training erg\u00e4nzen.<\/p>\n<p>Ergebnis:\u00a0<strong>Schneller Muskelaufbau und Optimierung der Koordination<\/strong>.[\/vc_toggle][vc_toggle title=&#8221;Regeneration und Reha&#8221;]Mit XSAM werden Ihre Muskeln gelockert und optimal f\u00fcr weitere Spannungs- Phasen vorbereitet. Durch die pr\u00e4zise Abstufung der Belastungs-Intensit\u00e4t ist eine rasche Bereitstellung des muskul\u00e4ren Leistungs-Potentials w\u00e4hrend eines l\u00e4ngeren Wettkampfe m\u00f6glich. Und XSAM ist der\u00a0<strong>Garant f\u00fcr schnellen Muskelaufbau<\/strong> nach einer l\u00e4ngeren Trainings-Pause infolge Verletzung oder Zeitmangel.[\/vc_toggle][vc_empty_space][\/vc_column][\/vc_row][vc_row][vc_column]<div class=\"rt-owl-title-1  style2\">\n\t<div class=\"section-title\">\n\t\t<h2 class=\"owl-title\" style=\"color:#111111;\">Trainieren und erholen<\/h2>\n\t\t<div class=\"owl-description\" style=\"color:#111111;\">Immer die richtige Dosierung: Zum Beispiel linear zunehmende Stimulation im WAVEModus, stochastische Reizanforderungen im STOVE-Modus \u2013 oder einfach Entspannung<br \/>\nmit gleichbleibender Vibration XSAM ist der ideale Partner:<\/p>\n<p><\/div>\n\t<\/div>\n<\/div>[vc_row_inner][vc_column_inner width=&#8221;1\/2&#8243;][vc_column_text]<\/p>\n<ul>\n<li><span style=\"color: #a50004;\">Gezielter Muskelaufbau durch \u00dcbungsvielfalt<\/span><\/li>\n<li><span style=\"color: #a50004;\">Erh\u00f6hter Muskeltonus durch kurze Leistungs-Spitzen<\/span><\/li>\n<li><span style=\"color: #a50004;\">Beruhigung des Muskeltonus im Entspannungsmodus<\/span><\/li>\n<\/ul>\n<p>&nbsp;&nbsp;<\/p>\n<h3>Beauty und Wellness<\/h3>\n<p>Ein durchtrainierter K\u00f6rper macht nicht nur \ufb01t, sondern auch sch\u00f6n. Wo Blut und Lymphe ausreichend zirkulieren, da gl\u00e4tten sie auch das Bindegewebe. Und wenn die Formen etwas zu \u00fcppig sind, hilft der Abbau \u00fcber\ufb02\u00fcssiger Pfunde \u2013 mit einem anspruchsvollen Vibrationstraining kein Problem. XSAM ist K\u00f6rper-Design.<br \/>\n[\/vc_column_text][\/vc_column_inner][vc_column_inner width=&#8221;1\/2&#8243; css=&#8221;.vc_custom_1561454271866{padding-bottom: 20% !important;}&#8221;][vc_column_text]<\/p>\n<h3>sch\u00f6n \ufb01t<\/h3>\n<p>Wohlf\u00fchlen auf Knopfdruck mit der einzigartigen Stimulation f\u00fcr Muskeln, Knochen und Gelenke: XSAM. Sp\u00fcren Sie Ihre Muskeln im Gleichklang wohliger Schwingungen. Lassen Sie den Stress aus Ihrem K\u00f6rper \ufb02ie\u00dfen. So angenehm kann Massage sein.<\/p>\n<h3>\u2026. und entspannt.<\/h3>\n<p>Vielseitig anwendbar und daher ideal zur pro\ufb01tablen und sinnvollen Erweiterung Ihres Trainings. Daher war es f\u00fcr uns keine Frage, dieses Ger\u00e4t mit in unseren Parcour aufzunehmen. Kompatibel und die optimale Erg\u00e4nzung zu unseren beiden milon Zirkel.[\/vc_column_text][\/vc_column_inner][\/vc_row_inner][vc_separator style=&#8221;dashed&#8221; border_width=&#8221;2&#8243;][\/vc_column][\/vc_row][vc_row][vc_column]<div class=\"rt-owl-title-1  style2\">\n\t<div class=\"section-title\">\n\t\t<h2 class=\"owl-title\" style=\"color:#111111;\">Vereinbaren Sie noch heute Ihren Termin.<\/h2>\n\t\t<div class=\"owl-description\" style=\"color:#111111;\"><\/div>\n\t<\/div>\n<\/div>[\/vc_column][\/vc_row][vc_row][vc_column]\n<div class=\"wpcf7 no-js\" id=\"wpcf7-f1823-o1\" lang=\"de-DE\" dir=\"ltr\" data-wpcf7-id=\"1823\">\n<div class=\"screen-reader-response\"><p role=\"status\" aria-live=\"polite\" aria-atomic=\"true\"><\/p> <ul><\/ul><\/div>\n<form action=\"\/index.php?rest_route=%2Fwp%2Fv2%2Fpages%2F2732#wpcf7-f1823-o1\" method=\"post\" class=\"wpcf7-form init\" aria-label=\"Kontaktformular\" novalidate=\"novalidate\" data-status=\"init\">\n<fieldset class=\"hidden-fields-container\"><input type=\"hidden\" name=\"_wpcf7\" value=\"1823\" \/><input type=\"hidden\" name=\"_wpcf7_version\" value=\"6.1.5\" \/><input type=\"hidden\" name=\"_wpcf7_locale\" value=\"de_DE\" \/><input type=\"hidden\" name=\"_wpcf7_unit_tag\" value=\"wpcf7-f1823-o1\" \/><input type=\"hidden\" name=\"_wpcf7_container_post\" value=\"0\" \/><input type=\"hidden\" name=\"_wpcf7_posted_data_hash\" value=\"\" \/>\n<\/fieldset>\n<p>Ihr Name (Pflichtfeld)\n<\/p>\n<p><span class=\"wpcf7-form-control-wrap\" data-name=\"your-name\"><input size=\"40\" maxlength=\"400\" class=\"wpcf7-form-control wpcf7-text wpcf7-validates-as-required\" aria-required=\"true\" aria-invalid=\"false\" value=\"\" type=\"text\" name=\"your-name\" \/><\/span>\n<\/p>\n<p>Ihre E-Mail-Adresse (Pflichtfeld)\n<\/p>\n<p><span class=\"wpcf7-form-control-wrap\" data-name=\"your-email\"><input size=\"40\" maxlength=\"400\" class=\"wpcf7-form-control wpcf7-email wpcf7-validates-as-required wpcf7-text wpcf7-validates-as-email\" aria-required=\"true\" aria-invalid=\"false\" value=\"\" type=\"email\" name=\"your-email\" \/><\/span>\n<\/p>\n<p>Betreff\n<\/p>\n<p><span class=\"wpcf7-form-control-wrap\" data-name=\"your-subject\"><input size=\"40\" maxlength=\"400\" class=\"wpcf7-form-control wpcf7-text\" aria-invalid=\"false\" value=\"\" type=\"text\" name=\"your-subject\" \/><\/span>\n<\/p>\n<p>Ihre Nachricht\n<\/p>\n<p><span class=\"wpcf7-form-control-wrap\" data-name=\"your-message\"><textarea cols=\"40\" rows=\"10\" maxlength=\"2000\" class=\"wpcf7-form-control wpcf7-textarea\" aria-invalid=\"false\" name=\"your-message\"><\/textarea><\/span>\n<\/p>\n<p><input class=\"wpcf7-form-control wpcf7-submit has-spinner\" type=\"submit\" value=\"Senden\" \/>\n<\/p><p style=\"display: none !important;\" class=\"akismet-fields-container\" data-prefix=\"_wpcf7_ak_\"><label>&#916;<textarea name=\"_wpcf7_ak_hp_textarea\" cols=\"45\" rows=\"8\" maxlength=\"100\"><\/textarea><\/label><input type=\"hidden\" id=\"ak_js_1\" name=\"_wpcf7_ak_js\" value=\"127\"\/><script type=\"text\/javascript\">\n\/* <![CDATA[ *\/\ndocument.getElementById( \"ak_js_1\" ).setAttribute( \"value\", ( new Date() ).getTime() );\n\/* ]]> *\/\n<\/script>\n<\/p><div class=\"wpcf7-response-output\" aria-hidden=\"true\"><\/div>\n<\/form>\n<\/div>\n[\/vc_column][\/vc_row][\/vc_section]<\/p>\n","protected":false},"excerpt":{"rendered":"<p>[vc_section css=&#8221;.vc_custom_1563631102797{margin-right: 4% !important;margin-left: 4% !important;}&#8221;][vc_row][vc_column][\/vc_column][\/vc_row][vc_row][vc_column][vc_row_inner][vc_column_inner width=&#8221;1\/2&#8243; css=&#8221;.vc_custom_1561453236523{padding-right: 20px !important;}&#8221;][vc_column_text] Fit im Alter Aktiv mit Freizeitsport Maximale Leistung im Kraft- und Ausdauersport Entspannung und gutes K\u00f6rpergef\u00fchl f\u00fcr Jung und Alt Nat\u00fcrlich und dynamisch Variable seitenalternierende Muskelstimulation. XSAM stimuliert Ihre Muskeln und trainiert Koordination, Beweglichkeit und Dynamik \u2013 mit nat\u00fcrlichen und variablen Bewegungs-Abl\u00e4ufen. Das Prinzip: Zwei [&hellip;]<\/p>\n","protected":false},"author":1,"featured_media":0,"parent":0,"menu_order":0,"comment_status":"closed","ping_status":"closed","template":"","meta":{"footnotes":""},"class_list":["post-2732","page","type-page","status-publish","hentry"],"_links":{"self":[{"href":"https:\/\/fitnessplanet-wernau.de\/index.php?rest_route=\/wp\/v2\/pages\/2732","targetHints":{"allow":["GET"]}}],"collection":[{"href":"https:\/\/fitnessplanet-wernau.de\/index.php?rest_route=\/wp\/v2\/pages"}],"about":[{"href":"https:\/\/fitnessplanet-wernau.de\/index.php?rest_route=\/wp\/v2\/types\/page"}],"author":[{"embeddable":true,"href":"https:\/\/fitnessplanet-wernau.de\/index.php?rest_route=\/wp\/v2\/users\/1"}],"replies":[{"embeddable":true,"href":"https:\/\/fitnessplanet-wernau.de\/index.php?rest_route=%2Fwp%2Fv2%2Fcomments&post=2732"}],"version-history":[{"count":2,"href":"https:\/\/fitnessplanet-wernau.de\/index.php?rest_route=\/wp\/v2\/pages\/2732\/revisions"}],"predecessor-version":[{"id":2734,"href":"https:\/\/fitnessplanet-wernau.de\/index.php?rest_route=\/wp\/v2\/pages\/2732\/revisions\/2734"}],"wp:attachment":[{"href":"https:\/\/fitnessplanet-wernau.de\/index.php?rest_route=%2Fwp%2Fv2%2Fmedia&parent=2732"}],"curies":[{"name":"wp","href":"https:\/\/api.w.org\/{rel}","templated":true}]}}