{"id":2739,"date":"2019-07-20T17:23:15","date_gmt":"2019-07-20T16:23:15","guid":{"rendered":"http:\/\/fitnessplanet-wernau.de\/?page_id=2739"},"modified":"2019-07-20T17:26:16","modified_gmt":"2019-07-20T16:26:16","slug":"five-2-3-2","status":"publish","type":"page","link":"https:\/\/fitnessplanet-wernau.de\/?page_id=2739","title":{"rendered":"Pretty Woman"},"content":{"rendered":"<p>[vc_section css=&#8221;.vc_custom_1563630460043{margin-right: 4% !important;margin-left: 4% !important;}&#8221;][vc_row][vc_column]<div class=\"rt-owl-title-1  style2\">\n\t<div class=\"section-title\">\n\t\t<h2 class=\"owl-title\" style=\"color:#111111;\">Pretty Woman das Make-Up f\u00fcr Ihre Figurn<\/h2>\n\t\t<div class=\"owl-description\" style=\"color:#111111;\"><\/div>\n\t<\/div>\n<\/div>[\/vc_column][\/vc_row][vc_row][vc_column][vc_row_inner][vc_column_inner width=&#8221;1\/2&#8243; css=&#8221;.vc_custom_1561453236523{padding-right: 20px !important;}&#8221;][vc_column_text]<strong>Jede Frau wird eine pretty woman!!<\/strong><\/p>\n<p><strong>Verbessern Sie Ihre Figur<\/strong>\u00a0und\u00a0<strong>straffen Sie<\/strong>\u00a0gleichzeitig\u00a0<strong>Ihre Haut<\/strong>, deutlich erkennbar mit pretty women, dem Ganzk\u00f6rper-Bodystyling-Programm. Mit einer gesunden Vital-Ern\u00e4hrung und der dazu passenden richtigen Bewegung, die wir Ihnen gerne zeigen, erreichen Sie Ihr Figurziel sicher und gesund.<\/p>\n<p>Mit pretty women wurde ganz speziell f\u00fcr Sie ein ausgewogenes 6-Wochen-Ganzk\u00f6rperprogramm entwickelt \u2013 der Praxis erprobte und au\u00dfergew\u00f6hnlich wirksame\u00a0<strong>Trainings-, Ern\u00e4hrungs- und Wohlf\u00fchlplan mit sicherer Erfolgsgarantie<\/strong>.<\/p>\n<p>Daher bedeutet pretty woman eine gr\u00fcndliche Trainings- und Ern\u00e4hrungsberatung mit st\u00e4ndiger Betreuung. Der K\u00f6rper einer Frau ist ein Rohdiamant, der mit dem pretty woman-Konzept geschliffen wird.<\/p>\n<p>Zahlreiche Teilnehmerinnen, die das pretty woman-Programm schon absolviert haben, erreichten ihre ganz pers\u00f6nliche \u201eSch\u00f6nheit von innen\u201c.[\/vc_column_text][\/vc_column_inner][vc_column_inner width=&#8221;1\/2&#8243;][vc_video link=&#8221;https:\/\/www.youtube.com\/watch?=3&#038;v=lF7lsfF35Jk&#8221;][\/vc_column_inner][\/vc_row_inner][vc_separator style=&#8221;dashed&#8221; border_width=&#8221;2&#8243;][\/vc_column][\/vc_row][vc_row][vc_column]<div class=\"rt-owl-title-1  style2\">\n\t<div class=\"section-title\">\n\t\t<h2 class=\"owl-title\" style=\"color:#111111;\">Vereinbaren Sie noch heute Ihren Termin.<\/h2>\n\t\t<div class=\"owl-description\" style=\"color:#111111;\"><\/div>\n\t<\/div>\n<\/div>[\/vc_column][\/vc_row][vc_row][vc_column]\n<div class=\"wpcf7 no-js\" id=\"wpcf7-f1823-o1\" lang=\"de-DE\" dir=\"ltr\" data-wpcf7-id=\"1823\">\n<div class=\"screen-reader-response\"><p role=\"status\" aria-live=\"polite\" aria-atomic=\"true\"><\/p> <ul><\/ul><\/div>\n<form action=\"\/index.php?rest_route=%2Fwp%2Fv2%2Fpages%2F2739#wpcf7-f1823-o1\" method=\"post\" class=\"wpcf7-form init\" aria-label=\"Kontaktformular\" novalidate=\"novalidate\" data-status=\"init\">\n<fieldset class=\"hidden-fields-container\"><input type=\"hidden\" name=\"_wpcf7\" value=\"1823\" \/><input type=\"hidden\" name=\"_wpcf7_version\" value=\"6.1.5\" \/><input type=\"hidden\" name=\"_wpcf7_locale\" value=\"de_DE\" \/><input type=\"hidden\" name=\"_wpcf7_unit_tag\" value=\"wpcf7-f1823-o1\" \/><input type=\"hidden\" name=\"_wpcf7_container_post\" value=\"0\" \/><input type=\"hidden\" name=\"_wpcf7_posted_data_hash\" value=\"\" \/>\n<\/fieldset>\n<p>Ihr Name (Pflichtfeld)\n<\/p>\n<p><span class=\"wpcf7-form-control-wrap\" data-name=\"your-name\"><input size=\"40\" maxlength=\"400\" class=\"wpcf7-form-control wpcf7-text wpcf7-validates-as-required\" aria-required=\"true\" aria-invalid=\"false\" value=\"\" type=\"text\" name=\"your-name\" \/><\/span>\n<\/p>\n<p>Ihre E-Mail-Adresse (Pflichtfeld)\n<\/p>\n<p><span class=\"wpcf7-form-control-wrap\" data-name=\"your-email\"><input size=\"40\" maxlength=\"400\" class=\"wpcf7-form-control wpcf7-email wpcf7-validates-as-required wpcf7-text wpcf7-validates-as-email\" aria-required=\"true\" aria-invalid=\"false\" value=\"\" type=\"email\" name=\"your-email\" \/><\/span>\n<\/p>\n<p>Betreff\n<\/p>\n<p><span class=\"wpcf7-form-control-wrap\" data-name=\"your-subject\"><input size=\"40\" maxlength=\"400\" class=\"wpcf7-form-control wpcf7-text\" aria-invalid=\"false\" value=\"\" type=\"text\" name=\"your-subject\" \/><\/span>\n<\/p>\n<p>Ihre Nachricht\n<\/p>\n<p><span class=\"wpcf7-form-control-wrap\" data-name=\"your-message\"><textarea cols=\"40\" rows=\"10\" maxlength=\"2000\" class=\"wpcf7-form-control wpcf7-textarea\" aria-invalid=\"false\" name=\"your-message\"><\/textarea><\/span>\n<\/p>\n<p><input class=\"wpcf7-form-control wpcf7-submit has-spinner\" type=\"submit\" value=\"Senden\" \/>\n<\/p><p style=\"display: none !important;\" class=\"akismet-fields-container\" data-prefix=\"_wpcf7_ak_\"><label>&#916;<textarea name=\"_wpcf7_ak_hp_textarea\" cols=\"45\" rows=\"8\" maxlength=\"100\"><\/textarea><\/label><input type=\"hidden\" id=\"ak_js_1\" name=\"_wpcf7_ak_js\" value=\"155\"\/><script type=\"text\/javascript\">\n\/* <![CDATA[ *\/\ndocument.getElementById( \"ak_js_1\" ).setAttribute( \"value\", ( new Date() ).getTime() );\n\/* ]]> *\/\n<\/script>\n<\/p><div class=\"wpcf7-response-output\" aria-hidden=\"true\"><\/div>\n<\/form>\n<\/div>\n[\/vc_column][\/vc_row][\/vc_section]<\/p>\n","protected":false},"excerpt":{"rendered":"<p>[vc_section css=&#8221;.vc_custom_1563630460043{margin-right: 4% !important;margin-left: 4% !important;}&#8221;][vc_row][vc_column][\/vc_column][\/vc_row][vc_row][vc_column][vc_row_inner][vc_column_inner width=&#8221;1\/2&#8243; css=&#8221;.vc_custom_1561453236523{padding-right: 20px !important;}&#8221;][vc_column_text]Jede Frau wird eine pretty woman!! Verbessern Sie Ihre Figur\u00a0und\u00a0straffen Sie\u00a0gleichzeitig\u00a0Ihre Haut, deutlich erkennbar mit pretty women, dem Ganzk\u00f6rper-Bodystyling-Programm. Mit einer gesunden Vital-Ern\u00e4hrung und der dazu passenden richtigen Bewegung, die wir Ihnen gerne zeigen, erreichen Sie Ihr Figurziel sicher und gesund. Mit pretty women wurde ganz [&hellip;]<\/p>\n","protected":false},"author":1,"featured_media":0,"parent":0,"menu_order":0,"comment_status":"closed","ping_status":"closed","template":"","meta":{"footnotes":""},"class_list":["post-2739","page","type-page","status-publish","hentry"],"_links":{"self":[{"href":"https:\/\/fitnessplanet-wernau.de\/index.php?rest_route=\/wp\/v2\/pages\/2739","targetHints":{"allow":["GET"]}}],"collection":[{"href":"https:\/\/fitnessplanet-wernau.de\/index.php?rest_route=\/wp\/v2\/pages"}],"about":[{"href":"https:\/\/fitnessplanet-wernau.de\/index.php?rest_route=\/wp\/v2\/types\/page"}],"author":[{"embeddable":true,"href":"https:\/\/fitnessplanet-wernau.de\/index.php?rest_route=\/wp\/v2\/users\/1"}],"replies":[{"embeddable":true,"href":"https:\/\/fitnessplanet-wernau.de\/index.php?rest_route=%2Fwp%2Fv2%2Fcomments&post=2739"}],"version-history":[{"count":2,"href":"https:\/\/fitnessplanet-wernau.de\/index.php?rest_route=\/wp\/v2\/pages\/2739\/revisions"}],"predecessor-version":[{"id":2741,"href":"https:\/\/fitnessplanet-wernau.de\/index.php?rest_route=\/wp\/v2\/pages\/2739\/revisions\/2741"}],"wp:attachment":[{"href":"https:\/\/fitnessplanet-wernau.de\/index.php?rest_route=%2Fwp%2Fv2%2Fmedia&parent=2739"}],"curies":[{"name":"wp","href":"https:\/\/api.w.org\/{rel}","templated":true}]}}