{"id":2755,"date":"2019-07-21T14:07:59","date_gmt":"2019-07-21T13:07:59","guid":{"rendered":"http:\/\/fitnessplanet-wernau.de\/?page_id=2755"},"modified":"2019-07-21T14:16:36","modified_gmt":"2019-07-21T13:16:36","slug":"five-2-8-2","status":"publish","type":"page","link":"https:\/\/fitnessplanet-wernau.de\/?page_id=2755","title":{"rendered":"Cardio"},"content":{"rendered":"<p>[vc_section css=&#8221;.vc_custom_1563631102797{margin-right: 4% !important;margin-left: 4% !important;}&#8221;][vc_row][vc_column]<div class=\"rt-owl-title-1  style2\">\n\t<div class=\"section-title\">\n\t\t<h2 class=\"owl-title\" style=\"color:#111111;\">Mehr als laufen oder bergsteigen<\/h2>\n\t\t<div class=\"owl-description\" style=\"color:#111111;\">Training im Schwebezustand<br \/>\nUnser neuester Adaptive Motion Trainer\u00ae \u2013 der AMT\u00ae 885 mit Open Stride\u2122 von Precor bietet ein v\u00f6llig neues Trainingsgef\u00fchl.<\/div>\n\t<\/div>\n<\/div>[\/vc_column][\/vc_row][vc_row][vc_column][vc_row_inner][vc_column_inner width=&#8221;1\/2&#8243; css=&#8221;.vc_custom_1561453236523{padding-right: 20px !important;}&#8221;][vc_column_text]<strong>Ein Workout f\u00fcr den ganzen K\u00f6rper\u00a0<\/strong><br \/>\nDank der M\u00f6glichkeit zur Doppelbelastung werden Ober- und Unterk\u00f6rper trainiert. Die Dr\u00fcck- und Ziehbewegungen der Arme sprechen optimal alle Muskeln an.<\/p>\n<p><strong>H\u00f6here Kalorienverbrennung<br \/>\n<\/strong>Der AMT\u00ae f\u00f6rdert den Sauerstoff- und Energieumsatz, der die Fitness verbessert und einen Gewichtsverlust beschleunigen kann.<\/p>\n<p><strong>Wichtigste Funktionen<\/strong><br \/>\nDer Adaptive Motion Trainer\u00ae (AMT\u00ae) liefert Spielr\u00e4ume wie kein anderes Ger\u00e4t. Die belastungsarmen, benutzerde\ufb01nierten Bewegungen erm\u00f6glichen den Nutzern, einfach durch die eigene Beinbewegung spontan zwischen kurzen und langen Schritten, gehen und rennen, Treppen steigen und allem dazwischen zu wechseln. Der Open Stride\u2122 erlaubt nicht nur einen Wechsel in der horizontalen L\u00e4nge der Schritte, sondern auch vertikal in die H\u00f6he.[\/vc_column_text][\/vc_column_inner][vc_column_inner width=&#8221;1\/2&#8243;][vc_column_text]<strong>Beanspruchung unterschiedlicher Muskelgruppen<\/strong><br \/>\nDie Nutzer k\u00f6nnen zwischen kurzen und langen Schritten, gehen und rennen, Treppen steigen und allem dazwischen wechseln, wodurch sie verschiedene Muskelgruppen\u00a0gezielt trainieren und den ganzen K\u00f6rper ansprechen.\u00a0Stride Dial\u2122\u00a0Die Nutzer erkennen an der pendelartigen Anzeige des Stride Dial ihre Schrittl\u00e4nge und welche Muskelgruppen sie gerade trainieren.<\/p>\n<p>Lassen auch Sie sich von unserem AMT\u00ae \u00fcberzeugen![\/vc_column_text][vc_single_image image=&#8221;1051&#8243; img_size=&#8221;full&#8221;][\/vc_column_inner][\/vc_row_inner][vc_separator style=&#8221;dashed&#8221; border_width=&#8221;2&#8243;][\/vc_column][\/vc_row][vc_row][vc_column]<div class=\"rt-owl-title-1  style2\">\n\t<div class=\"section-title\">\n\t\t<h2 class=\"owl-title\" style=\"color:#111111;\">Vereinbaren Sie noch heute Ihren Termin.<\/h2>\n\t\t<div class=\"owl-description\" style=\"color:#111111;\"><\/div>\n\t<\/div>\n<\/div>[\/vc_column][\/vc_row][vc_row][vc_column]\n<div class=\"wpcf7 no-js\" id=\"wpcf7-f1823-o1\" lang=\"de-DE\" dir=\"ltr\" data-wpcf7-id=\"1823\">\n<div class=\"screen-reader-response\"><p role=\"status\" aria-live=\"polite\" aria-atomic=\"true\"><\/p> <ul><\/ul><\/div>\n<form action=\"\/index.php?rest_route=%2Fwp%2Fv2%2Fpages%2F2755#wpcf7-f1823-o1\" method=\"post\" class=\"wpcf7-form init\" aria-label=\"Kontaktformular\" novalidate=\"novalidate\" data-status=\"init\">\n<fieldset class=\"hidden-fields-container\"><input type=\"hidden\" name=\"_wpcf7\" value=\"1823\" \/><input type=\"hidden\" name=\"_wpcf7_version\" value=\"6.1.6\" \/><input type=\"hidden\" name=\"_wpcf7_locale\" value=\"de_DE\" \/><input type=\"hidden\" name=\"_wpcf7_unit_tag\" value=\"wpcf7-f1823-o1\" \/><input type=\"hidden\" name=\"_wpcf7_container_post\" value=\"0\" \/><input type=\"hidden\" name=\"_wpcf7_posted_data_hash\" value=\"\" \/>\n<\/fieldset>\n<p>Ihr Name (Pflichtfeld)\n<\/p>\n<p><span class=\"wpcf7-form-control-wrap\" data-name=\"your-name\"><input size=\"40\" maxlength=\"400\" class=\"wpcf7-form-control wpcf7-text wpcf7-validates-as-required\" aria-required=\"true\" aria-invalid=\"false\" value=\"\" type=\"text\" name=\"your-name\" \/><\/span>\n<\/p>\n<p>Ihre E-Mail-Adresse (Pflichtfeld)\n<\/p>\n<p><span class=\"wpcf7-form-control-wrap\" data-name=\"your-email\"><input size=\"40\" maxlength=\"400\" class=\"wpcf7-form-control wpcf7-email wpcf7-validates-as-required wpcf7-text wpcf7-validates-as-email\" aria-required=\"true\" aria-invalid=\"false\" value=\"\" type=\"email\" name=\"your-email\" \/><\/span>\n<\/p>\n<p>Betreff\n<\/p>\n<p><span class=\"wpcf7-form-control-wrap\" data-name=\"your-subject\"><input size=\"40\" maxlength=\"400\" class=\"wpcf7-form-control wpcf7-text\" aria-invalid=\"false\" value=\"\" type=\"text\" name=\"your-subject\" \/><\/span>\n<\/p>\n<p>Ihre Nachricht\n<\/p>\n<p><span class=\"wpcf7-form-control-wrap\" data-name=\"your-message\"><textarea cols=\"40\" rows=\"10\" maxlength=\"2000\" class=\"wpcf7-form-control wpcf7-textarea\" aria-invalid=\"false\" name=\"your-message\"><\/textarea><\/span>\n<\/p>\n<p><input class=\"wpcf7-form-control wpcf7-submit has-spinner\" type=\"submit\" value=\"Senden\" \/>\n<\/p><p style=\"display: none !important;\" class=\"akismet-fields-container\" data-prefix=\"_wpcf7_ak_\"><label>&#916;<textarea name=\"_wpcf7_ak_hp_textarea\" cols=\"45\" rows=\"8\" maxlength=\"100\"><\/textarea><\/label><input type=\"hidden\" id=\"ak_js_1\" name=\"_wpcf7_ak_js\" value=\"17\"\/><script type=\"text\/javascript\">\n\/* <![CDATA[ *\/\ndocument.getElementById( \"ak_js_1\" ).setAttribute( \"value\", ( new Date() ).getTime() );\n\/* ]]> *\/\n<\/script>\n<\/p><div class=\"wpcf7-response-output\" aria-hidden=\"true\"><\/div>\n<\/form>\n<\/div>\n[\/vc_column][\/vc_row][\/vc_section]<\/p>\n","protected":false},"excerpt":{"rendered":"<p>[vc_section css=&#8221;.vc_custom_1563631102797{margin-right: 4% !important;margin-left: 4% !important;}&#8221;][vc_row][vc_column][\/vc_column][\/vc_row][vc_row][vc_column][vc_row_inner][vc_column_inner width=&#8221;1\/2&#8243; css=&#8221;.vc_custom_1561453236523{padding-right: 20px !important;}&#8221;][vc_column_text]Ein Workout f\u00fcr den ganzen K\u00f6rper\u00a0 Dank der M\u00f6glichkeit zur Doppelbelastung werden Ober- und Unterk\u00f6rper trainiert. Die Dr\u00fcck- und Ziehbewegungen der Arme sprechen optimal alle Muskeln an. H\u00f6here Kalorienverbrennung Der AMT\u00ae f\u00f6rdert den Sauerstoff- und Energieumsatz, der die Fitness verbessert und einen Gewichtsverlust beschleunigen kann. Wichtigste [&hellip;]<\/p>\n","protected":false},"author":1,"featured_media":0,"parent":0,"menu_order":0,"comment_status":"closed","ping_status":"closed","template":"","meta":{"footnotes":""},"class_list":["post-2755","page","type-page","status-publish","hentry"],"_links":{"self":[{"href":"https:\/\/fitnessplanet-wernau.de\/index.php?rest_route=\/wp\/v2\/pages\/2755","targetHints":{"allow":["GET"]}}],"collection":[{"href":"https:\/\/fitnessplanet-wernau.de\/index.php?rest_route=\/wp\/v2\/pages"}],"about":[{"href":"https:\/\/fitnessplanet-wernau.de\/index.php?rest_route=\/wp\/v2\/types\/page"}],"author":[{"embeddable":true,"href":"https:\/\/fitnessplanet-wernau.de\/index.php?rest_route=\/wp\/v2\/users\/1"}],"replies":[{"embeddable":true,"href":"https:\/\/fitnessplanet-wernau.de\/index.php?rest_route=%2Fwp%2Fv2%2Fcomments&post=2755"}],"version-history":[{"count":4,"href":"https:\/\/fitnessplanet-wernau.de\/index.php?rest_route=\/wp\/v2\/pages\/2755\/revisions"}],"predecessor-version":[{"id":2760,"href":"https:\/\/fitnessplanet-wernau.de\/index.php?rest_route=\/wp\/v2\/pages\/2755\/revisions\/2760"}],"wp:attachment":[{"href":"https:\/\/fitnessplanet-wernau.de\/index.php?rest_route=%2Fwp%2Fv2%2Fmedia&parent=2755"}],"curies":[{"name":"wp","href":"https:\/\/api.w.org\/{rel}","templated":true}]}}